{"id":107,"date":"2024-07-17T19:18:55","date_gmt":"2024-07-17T19:18:55","guid":{"rendered":"https:\/\/developers.inhubdigital.com.br\/lojatechdry\/?post_type=product&#038;p=107"},"modified":"2024-08-21T22:51:52","modified_gmt":"2024-08-21T22:51:52","slug":"aditivo-para-chapisco","status":"publish","type":"product","link":"https:\/\/developers.inhubdigital.com.br\/lojatechdry\/produto\/aditivo-para-chapisco\/","title":{"rendered":"Aditivo para chapisco 18L"},"content":{"rendered":"<h2>Descri\u00e7\u00e3o<\/h2>\n<p>Aditivo com base PVA para ser utilizado em chapisco e argamassas, proporcionando uma excelente ader\u00eancia aos diversos substratos. Pode ser usado em \u00e1reas externas e internas;<\/p>\n<h2>Utiliza\u00e7\u00f5es<\/h2>\n<p>\u2022 Para \u00e1reas internas e externas;<br \/>\n\u2022 Para chapiscos comuns, rolados, EPS e outros tipos de substrato;<br \/>\n\u2022 Melhorar a ader\u00eancia e manuseio de argamassas convencionais, acabamento e gesso;<br \/>\n\u2022 Fixa\u00e7\u00e3o de pintura tipo caia\u00e7\u00e3o;<\/p>\n<h2>Embalagens<\/h2>\n<p>Balde de 3,6 e 18 litros<\/p>\n","protected":false},"excerpt":{"rendered":"<ul>\n<li>Melhora a fixa\u00e7\u00e3o do reboco<\/li>\n<li>Melhora o acabamento<\/li>\n<li>Reduz o tempo de secagem<\/li>\n<\/ul>\n","protected":false},"featured_media":111,"comment_status":"open","ping_status":"closed","template":"","meta":[],"product_cat":[15,16,23],"product_tag":[],"class_list":{"0":"post-107","1":"product","2":"type-product","3":"status-publish","4":"has-post-thumbnail","6":"product_cat-sem-categoria","7":"product_cat-aditivos","8":"product_cat-mais-vendidos","10":"first","11":"instock","12":"shipping-taxable","13":"purchasable","14":"product-type-simple"},"_links":{"self":[{"href":"https:\/\/developers.inhubdigital.com.br\/lojatechdry\/wp-json\/wp\/v2\/product\/107","targetHints":{"allow":["GET"]}}],"collection":[{"href":"https:\/\/developers.inhubdigital.com.br\/lojatechdry\/wp-json\/wp\/v2\/product"}],"about":[{"href":"https:\/\/developers.inhubdigital.com.br\/lojatechdry\/wp-json\/wp\/v2\/types\/product"}],"replies":[{"embeddable":true,"href":"https:\/\/developers.inhubdigital.com.br\/lojatechdry\/wp-json\/wp\/v2\/comments?post=107"}],"wp:featuredmedia":[{"embeddable":true,"href":"https:\/\/developers.inhubdigital.com.br\/lojatechdry\/wp-json\/wp\/v2\/media\/111"}],"wp:attachment":[{"href":"https:\/\/developers.inhubdigital.com.br\/lojatechdry\/wp-json\/wp\/v2\/media?parent=107"}],"wp:term":[{"taxonomy":"product_cat","embeddable":true,"href":"https:\/\/developers.inhubdigital.com.br\/lojatechdry\/wp-json\/wp\/v2\/product_cat?post=107"},{"taxonomy":"product_tag","embeddable":true,"href":"https:\/\/developers.inhubdigital.com.br\/lojatechdry\/wp-json\/wp\/v2\/product_tag?post=107"}],"curies":[{"name":"wp","href":"https:\/\/api.w.org\/{rel}","templated":true}]}}