{"id":112,"date":"2024-07-17T19:29:28","date_gmt":"2024-07-17T19:29:28","guid":{"rendered":"https:\/\/developers.inhubdigital.com.br\/lojatechdry\/?post_type=product&#038;p=112"},"modified":"2024-08-21T22:53:21","modified_gmt":"2024-08-21T22:53:21","slug":"aditivo-para-tintas","status":"publish","type":"product","link":"https:\/\/developers.inhubdigital.com.br\/lojatechdry\/produto\/aditivo-para-tintas\/","title":{"rendered":"Aditivo para tintas"},"content":{"rendered":"<h2>Descri\u00e7\u00e3o<\/h2>\n<p>\u00c9 um Aditivo Impermeabilizante que foi desenvolvido para ser utilizado em tintas, texturas e grafiatos, tornando-os imperme\u00e1veis de forma segura e duradoura.<\/p>\n<h2>Utiliza\u00e7\u00f5es<\/h2>\n<p>&#8211; Pronto para o uso;<br \/>\n&#8211; Hidro repel\u00eancia;<br \/>\n&#8211; Proporciona maior durabilidade;<br \/>\n&#8211; F\u00e1cil aplica\u00e7\u00e3o;<\/p>\n<h2>Embalagens<\/h2>\n<p>Frasco de 450ml<\/p>\n","protected":false},"excerpt":{"rendered":"<ul>\n<li>Melhora a fixa\u00e7\u00e3o do reboco<\/li>\n<li>Melhora o acabamento<\/li>\n<li>Reduz o tempo de secagem<\/li>\n<\/ul>\n","protected":false},"featured_media":178,"comment_status":"open","ping_status":"closed","template":"","meta":[],"product_cat":[15,16,23],"product_tag":[],"class_list":{"0":"post-112","1":"product","2":"type-product","3":"status-publish","4":"has-post-thumbnail","6":"product_cat-sem-categoria","7":"product_cat-aditivos","8":"product_cat-mais-vendidos","10":"first","11":"instock","12":"shipping-taxable","13":"purchasable","14":"product-type-simple"},"_links":{"self":[{"href":"https:\/\/developers.inhubdigital.com.br\/lojatechdry\/wp-json\/wp\/v2\/product\/112","targetHints":{"allow":["GET"]}}],"collection":[{"href":"https:\/\/developers.inhubdigital.com.br\/lojatechdry\/wp-json\/wp\/v2\/product"}],"about":[{"href":"https:\/\/developers.inhubdigital.com.br\/lojatechdry\/wp-json\/wp\/v2\/types\/product"}],"replies":[{"embeddable":true,"href":"https:\/\/developers.inhubdigital.com.br\/lojatechdry\/wp-json\/wp\/v2\/comments?post=112"}],"wp:featuredmedia":[{"embeddable":true,"href":"https:\/\/developers.inhubdigital.com.br\/lojatechdry\/wp-json\/wp\/v2\/media\/178"}],"wp:attachment":[{"href":"https:\/\/developers.inhubdigital.com.br\/lojatechdry\/wp-json\/wp\/v2\/media?parent=112"}],"wp:term":[{"taxonomy":"product_cat","embeddable":true,"href":"https:\/\/developers.inhubdigital.com.br\/lojatechdry\/wp-json\/wp\/v2\/product_cat?post=112"},{"taxonomy":"product_tag","embeddable":true,"href":"https:\/\/developers.inhubdigital.com.br\/lojatechdry\/wp-json\/wp\/v2\/product_tag?post=112"}],"curies":[{"name":"wp","href":"https:\/\/api.w.org\/{rel}","templated":true}]}}