{"id":137,"date":"2024-07-17T22:43:03","date_gmt":"2024-07-17T22:43:03","guid":{"rendered":"https:\/\/developers.inhubdigital.com.br\/lojatechdry\/?post_type=product&#038;p=137"},"modified":"2024-08-21T22:38:11","modified_gmt":"2024-08-21T22:38:11","slug":"cimento-queimado","status":"publish","type":"product","link":"https:\/\/developers.inhubdigital.com.br\/lojatechdry\/produto\/cimento-queimado\/","title":{"rendered":"Cimento Queimado 5KG"},"content":{"rendered":"<h2>Descri\u00e7\u00e3o<\/h2>\n<p>O Cimento Queimado da TECH DRY traz um efeito manchado e r\u00fastico aos ambientes. Com acabamento fosco comp\u00f5e muito bem com v\u00e1rios tipos de substratos, como pedra e madeira.<\/p>\n<h2>Utiliza\u00e7\u00f5es<\/h2>\n<p>Indicado para aplica\u00e7\u00e3o de superf\u00edcies internas e externas sobre massa acr\u00edlica, tinta Standard ou Premium.<\/p>\n<h2>Embalagens<\/h2>\n<p>Balde de 5KG<\/p>\n","protected":false},"excerpt":{"rendered":"<ul>\n<li class=\"elementor-icon-list-item\"><span class=\"elementor-icon-list-text\">Produto pronto para uso<\/span><\/li>\n<li class=\"elementor-icon-list-item\"><i class=\"fas fa-check\" aria-hidden=\"true\"><\/i><span class=\"elementor-icon-list-text\">\u00d3timo rendimento<\/span><\/li>\n<li class=\"elementor-icon-list-item\"><i class=\"fas fa-check\" aria-hidden=\"true\"><\/i><span class=\"elementor-icon-list-text\">F\u00e1cil Aplica\u00e7\u00e3o<\/span><\/li>\n<\/ul>\n","protected":false},"featured_media":138,"comment_status":"open","ping_status":"closed","template":"","meta":[],"product_cat":[15,18,23],"product_tag":[],"class_list":{"0":"post-137","1":"product","2":"type-product","3":"status-publish","4":"has-post-thumbnail","6":"product_cat-sem-categoria","7":"product_cat-cimento-queimado","8":"product_cat-mais-vendidos","10":"first","11":"instock","12":"shipping-taxable","13":"purchasable","14":"product-type-simple"},"_links":{"self":[{"href":"https:\/\/developers.inhubdigital.com.br\/lojatechdry\/wp-json\/wp\/v2\/product\/137","targetHints":{"allow":["GET"]}}],"collection":[{"href":"https:\/\/developers.inhubdigital.com.br\/lojatechdry\/wp-json\/wp\/v2\/product"}],"about":[{"href":"https:\/\/developers.inhubdigital.com.br\/lojatechdry\/wp-json\/wp\/v2\/types\/product"}],"replies":[{"embeddable":true,"href":"https:\/\/developers.inhubdigital.com.br\/lojatechdry\/wp-json\/wp\/v2\/comments?post=137"}],"wp:featuredmedia":[{"embeddable":true,"href":"https:\/\/developers.inhubdigital.com.br\/lojatechdry\/wp-json\/wp\/v2\/media\/138"}],"wp:attachment":[{"href":"https:\/\/developers.inhubdigital.com.br\/lojatechdry\/wp-json\/wp\/v2\/media?parent=137"}],"wp:term":[{"taxonomy":"product_cat","embeddable":true,"href":"https:\/\/developers.inhubdigital.com.br\/lojatechdry\/wp-json\/wp\/v2\/product_cat?post=137"},{"taxonomy":"product_tag","embeddable":true,"href":"https:\/\/developers.inhubdigital.com.br\/lojatechdry\/wp-json\/wp\/v2\/product_tag?post=137"}],"curies":[{"name":"wp","href":"https:\/\/api.w.org\/{rel}","templated":true}]}}