{"id":142,"date":"2024-07-19T11:01:16","date_gmt":"2024-07-19T11:01:16","guid":{"rendered":"https:\/\/developers.inhubdigital.com.br\/lojatechdry\/?post_type=product&#038;p=142"},"modified":"2024-08-21T23:20:01","modified_gmt":"2024-08-21T23:20:01","slug":"tinta-borracha-liquida-36l","status":"publish","type":"product","link":"https:\/\/developers.inhubdigital.com.br\/lojatechdry\/produto\/tinta-borracha-liquida-36l\/","title":{"rendered":"Tinta Borracha L\u00edquida 3,6L"},"content":{"rendered":"<h2>Descri\u00e7\u00e3o<\/h2>\n<p>A Tinta Borracha L\u00edquida \u00e9 um produto \u00e0 base de \u00e1gua de f\u00e1cil aplica\u00e7\u00e3o que proporciona excelente cobertura e nivelamento. Ap\u00f3s a aplica\u00e7\u00e3o forma uma pel\u00edcula \u201cemborrachada\u201d super imperme\u00e1vel e flex\u00edvel, capaz de acompanhar os movimentos naturais de dilata\u00e7\u00e3o e contra\u00e7\u00e3o das superf\u00edcies.<\/p>\n<h2>Utiliza\u00e7\u00f5es<\/h2>\n<p>Pode ser utilizado em ambientes internos e externos. Ex: Paredes, muros e Telhas.<\/p>\n<h2>Embalagens<\/h2>\n<p>Balde de 3,6 litros e balde de 18 litros<\/p>\n","protected":false},"excerpt":{"rendered":"<ul>\n<li class=\"elementor-icon-list-item\"><span class=\"elementor-icon-list-text\">Reduz a temperatura<\/span><\/li>\n<li class=\"elementor-icon-list-item\"><i class=\"fas fa-check\" aria-hidden=\"true\"><\/i><span class=\"elementor-icon-list-text\">Hidrorrepel\u00eancia<\/span><\/li>\n<li class=\"elementor-icon-list-item\"><i class=\"fas fa-check\" aria-hidden=\"true\"><\/i><span class=\"elementor-icon-list-text\">Preenche microfissuras<\/span><\/li>\n<li class=\"elementor-icon-list-item\"><i class=\"fas fa-check\" aria-hidden=\"true\"><\/i><span class=\"elementor-icon-list-text\">Flex\u00edvel<\/span><\/li>\n<\/ul>\n","protected":false},"featured_media":133,"comment_status":"open","ping_status":"closed","template":"","meta":[],"product_cat":[15,23,21],"product_tag":[],"class_list":{"0":"post-142","1":"product","2":"type-product","3":"status-publish","4":"has-post-thumbnail","6":"product_cat-sem-categoria","7":"product_cat-mais-vendidos","8":"product_cat-tintas","10":"first","11":"instock","12":"shipping-taxable","13":"purchasable","14":"product-type-simple"},"_links":{"self":[{"href":"https:\/\/developers.inhubdigital.com.br\/lojatechdry\/wp-json\/wp\/v2\/product\/142","targetHints":{"allow":["GET"]}}],"collection":[{"href":"https:\/\/developers.inhubdigital.com.br\/lojatechdry\/wp-json\/wp\/v2\/product"}],"about":[{"href":"https:\/\/developers.inhubdigital.com.br\/lojatechdry\/wp-json\/wp\/v2\/types\/product"}],"replies":[{"embeddable":true,"href":"https:\/\/developers.inhubdigital.com.br\/lojatechdry\/wp-json\/wp\/v2\/comments?post=142"}],"wp:featuredmedia":[{"embeddable":true,"href":"https:\/\/developers.inhubdigital.com.br\/lojatechdry\/wp-json\/wp\/v2\/media\/133"}],"wp:attachment":[{"href":"https:\/\/developers.inhubdigital.com.br\/lojatechdry\/wp-json\/wp\/v2\/media?parent=142"}],"wp:term":[{"taxonomy":"product_cat","embeddable":true,"href":"https:\/\/developers.inhubdigital.com.br\/lojatechdry\/wp-json\/wp\/v2\/product_cat?post=142"},{"taxonomy":"product_tag","embeddable":true,"href":"https:\/\/developers.inhubdigital.com.br\/lojatechdry\/wp-json\/wp\/v2\/product_tag?post=142"}],"curies":[{"name":"wp","href":"https:\/\/api.w.org\/{rel}","templated":true}]}}