{"id":150,"date":"2024-07-19T11:09:49","date_gmt":"2024-07-19T11:09:49","guid":{"rendered":"https:\/\/developers.inhubdigital.com.br\/lojatechdry\/?post_type=product&#038;p=150"},"modified":"2024-08-21T23:09:31","modified_gmt":"2024-08-21T23:09:31","slug":"impermeabilizante-cimenticio-3kg","status":"publish","type":"product","link":"https:\/\/developers.inhubdigital.com.br\/lojatechdry\/produto\/impermeabilizante-cimenticio-3kg\/","title":{"rendered":"Impermeabilizante Ciment\u00edcio 3kg"},"content":{"rendered":"<h2>Descri\u00e7\u00e3o<\/h2>\n<p>O impermeabilizante ciment\u00edcio promove a prote\u00e7\u00e3o do susbtrato, impedindo que a \u00e1gua penetre pela sua superf\u00edcie, criando uma prote\u00e7\u00e3o que afasta fungos, mofo e umidade da sua casa.<\/p>\n<h2>Utiliza\u00e7\u00f5es<\/h2>\n<p>Para funda\u00e7\u00f5es, vigas baldrames, rebocos, lajes, contrapisos, argamassas e rejuntes ciment\u00edcios.<\/p>\n<h2>Embalagens<\/h2>\n<p>Balde de 3 e 15 kg<\/p>\n","protected":false},"excerpt":{"rendered":"<ul>\n<li class=\"elementor-icon-list-item\"><span class=\"elementor-icon-list-text\">Para concretos e argamassas<\/span><\/li>\n<li class=\"elementor-icon-list-item\"><i class=\"fas fa-check\" aria-hidden=\"true\"><\/i><span class=\"elementor-icon-list-text\">N\u00e3o t\u00f3xico<\/span><\/li>\n<li class=\"elementor-icon-list-item\"><i class=\"fas fa-check\" aria-hidden=\"true\"><\/i><span class=\"elementor-icon-list-text\">Ecologicamente correto<\/span><\/li>\n<\/ul>\n","protected":false},"featured_media":98,"comment_status":"open","ping_status":"closed","template":"","meta":[],"product_cat":[15,18,23],"product_tag":[],"class_list":{"0":"post-150","1":"product","2":"type-product","3":"status-publish","4":"has-post-thumbnail","6":"product_cat-sem-categoria","7":"product_cat-cimento-queimado","8":"product_cat-mais-vendidos","10":"first","11":"instock","12":"shipping-taxable","13":"purchasable","14":"product-type-simple"},"_links":{"self":[{"href":"https:\/\/developers.inhubdigital.com.br\/lojatechdry\/wp-json\/wp\/v2\/product\/150","targetHints":{"allow":["GET"]}}],"collection":[{"href":"https:\/\/developers.inhubdigital.com.br\/lojatechdry\/wp-json\/wp\/v2\/product"}],"about":[{"href":"https:\/\/developers.inhubdigital.com.br\/lojatechdry\/wp-json\/wp\/v2\/types\/product"}],"replies":[{"embeddable":true,"href":"https:\/\/developers.inhubdigital.com.br\/lojatechdry\/wp-json\/wp\/v2\/comments?post=150"}],"wp:featuredmedia":[{"embeddable":true,"href":"https:\/\/developers.inhubdigital.com.br\/lojatechdry\/wp-json\/wp\/v2\/media\/98"}],"wp:attachment":[{"href":"https:\/\/developers.inhubdigital.com.br\/lojatechdry\/wp-json\/wp\/v2\/media?parent=150"}],"wp:term":[{"taxonomy":"product_cat","embeddable":true,"href":"https:\/\/developers.inhubdigital.com.br\/lojatechdry\/wp-json\/wp\/v2\/product_cat?post=150"},{"taxonomy":"product_tag","embeddable":true,"href":"https:\/\/developers.inhubdigital.com.br\/lojatechdry\/wp-json\/wp\/v2\/product_tag?post=150"}],"curies":[{"name":"wp","href":"https:\/\/api.w.org\/{rel}","templated":true}]}}