{"id":160,"date":"2024-07-19T11:17:04","date_gmt":"2024-07-19T11:17:04","guid":{"rendered":"https:\/\/developers.inhubdigital.com.br\/lojatechdry\/?post_type=product&#038;p=160"},"modified":"2024-08-21T23:13:47","modified_gmt":"2024-08-21T23:13:47","slug":"impermeabilizante-flexivel-36l","status":"publish","type":"product","link":"https:\/\/developers.inhubdigital.com.br\/lojatechdry\/produto\/impermeabilizante-flexivel-36l\/","title":{"rendered":"Impermeabilizante Flex\u00edvel 3,6L"},"content":{"rendered":"<h2>Descri\u00e7\u00e3o<\/h2>\n<p>O impermeabilizante flex\u00edvel \u00e9 desenvolvido com materiais compostos de elast\u00f4meros e pol\u00edmeros, proporcionando a sua utiliza\u00e7\u00e3o em diversos tipos de aplica\u00e7\u00f5es. O produto j\u00e1 vem pronto para o uso e \u00e9 de f\u00e1cil aplica\u00e7\u00e3o. Ap\u00f3s a sua cura torna-se uma resistente membrana imperme\u00e1vel garantindo qualidade e durabilidade.<\/p>\n<h2>Utiliza\u00e7\u00f5es<\/h2>\n<p>Para \u00e1reas que sofrem varia\u00e7\u00e3o de temperatura e pequenas fissuras como lajes, coberturas, piscinas, varandas, \u00e1reas molhadas, calhas e rufos. Em algumas \u00e1reas de aplica\u00e7\u00e3o \u00e9 necess\u00e1rio a utiliza\u00e7\u00e3o de tela para refor\u00e7o.<\/p>\n<h2>Embalagens<\/h2>\n<p>Balde de 3,6 litros e balde de 18 litros<\/p>\n","protected":false},"excerpt":{"rendered":"<ul>\n<li>F\u00e1cil aplica\u00e7\u00e3o<\/li>\n<li>Hidrorrepel\u00eancia<\/li>\n<li>Reduz a temperatura<\/li>\n<li>Preenche microfissuras<\/li>\n<\/ul>\n","protected":false},"featured_media":79,"comment_status":"open","ping_status":"closed","template":"","meta":[],"product_cat":[15,20,23],"product_tag":[],"class_list":{"0":"post-160","1":"product","2":"type-product","3":"status-publish","4":"has-post-thumbnail","6":"product_cat-sem-categoria","7":"product_cat-impermeabilizantes","8":"product_cat-mais-vendidos","10":"first","11":"instock","12":"shipping-taxable","13":"purchasable","14":"product-type-simple"},"_links":{"self":[{"href":"https:\/\/developers.inhubdigital.com.br\/lojatechdry\/wp-json\/wp\/v2\/product\/160","targetHints":{"allow":["GET"]}}],"collection":[{"href":"https:\/\/developers.inhubdigital.com.br\/lojatechdry\/wp-json\/wp\/v2\/product"}],"about":[{"href":"https:\/\/developers.inhubdigital.com.br\/lojatechdry\/wp-json\/wp\/v2\/types\/product"}],"replies":[{"embeddable":true,"href":"https:\/\/developers.inhubdigital.com.br\/lojatechdry\/wp-json\/wp\/v2\/comments?post=160"}],"wp:featuredmedia":[{"embeddable":true,"href":"https:\/\/developers.inhubdigital.com.br\/lojatechdry\/wp-json\/wp\/v2\/media\/79"}],"wp:attachment":[{"href":"https:\/\/developers.inhubdigital.com.br\/lojatechdry\/wp-json\/wp\/v2\/media?parent=160"}],"wp:term":[{"taxonomy":"product_cat","embeddable":true,"href":"https:\/\/developers.inhubdigital.com.br\/lojatechdry\/wp-json\/wp\/v2\/product_cat?post=160"},{"taxonomy":"product_tag","embeddable":true,"href":"https:\/\/developers.inhubdigital.com.br\/lojatechdry\/wp-json\/wp\/v2\/product_tag?post=160"}],"curies":[{"name":"wp","href":"https:\/\/api.w.org\/{rel}","templated":true}]}}