{"id":85,"date":"2024-07-17T18:21:20","date_gmt":"2024-07-17T18:21:20","guid":{"rendered":"https:\/\/developers.inhubdigital.com.br\/lojatechdry\/?post_type=product&#038;p=85"},"modified":"2024-08-21T22:59:38","modified_gmt":"2024-08-21T22:59:38","slug":"hidrofugante-liquido","status":"publish","type":"product","link":"https:\/\/developers.inhubdigital.com.br\/lojatechdry\/produto\/hidrofugante-liquido\/","title":{"rendered":"Hidrofugante L\u00edquido 18L"},"content":{"rendered":"<h2>Descri\u00e7\u00e3o<\/h2>\n<p>O Hidrofugante L\u00edquido ap\u00f3s a aplicado no substrato, cria uma camada protetora invis\u00edvel que protege a penetra\u00e7\u00e3o da \u00e1gua pela sua superf\u00edcie. Destinado ao tratamento e prote\u00e7\u00e3o de estruturas de concreto, superf\u00edcies de alvenaria e de outros substratos sujeitos \u00e0 presen\u00e7a de umidade e expostos \u00e0s intemp\u00e9ries.<\/p>\n<h2>Utiliza\u00e7\u00f5es<\/h2>\n<p>Para \u00e1reas de concreto aparente, alvenaria, superf\u00edcies lisas ou porosas entre outros<\/p>\n<h2>Embalagens<\/h2>\n<p>Balde de 3,6 litros e balde de 18 litros<\/p>\n","protected":false},"excerpt":{"rendered":"<ul>\n<li>F\u00e1cil aplica\u00e7\u00e3o<\/li>\n<li>Hidrorrepel\u00eancia<\/li>\n<li>Reduz a temperatura<\/li>\n<li>Preenche microfissuras<\/li>\n<\/ul>\n","protected":false},"featured_media":89,"comment_status":"open","ping_status":"closed","template":"","meta":[],"product_cat":[15,19,23],"product_tag":[],"class_list":{"0":"post-85","1":"product","2":"type-product","3":"status-publish","4":"has-post-thumbnail","6":"product_cat-sem-categoria","7":"product_cat-hidrofugante","8":"product_cat-mais-vendidos","10":"first","11":"instock","12":"shipping-taxable","13":"purchasable","14":"product-type-simple"},"_links":{"self":[{"href":"https:\/\/developers.inhubdigital.com.br\/lojatechdry\/wp-json\/wp\/v2\/product\/85","targetHints":{"allow":["GET"]}}],"collection":[{"href":"https:\/\/developers.inhubdigital.com.br\/lojatechdry\/wp-json\/wp\/v2\/product"}],"about":[{"href":"https:\/\/developers.inhubdigital.com.br\/lojatechdry\/wp-json\/wp\/v2\/types\/product"}],"replies":[{"embeddable":true,"href":"https:\/\/developers.inhubdigital.com.br\/lojatechdry\/wp-json\/wp\/v2\/comments?post=85"}],"wp:featuredmedia":[{"embeddable":true,"href":"https:\/\/developers.inhubdigital.com.br\/lojatechdry\/wp-json\/wp\/v2\/media\/89"}],"wp:attachment":[{"href":"https:\/\/developers.inhubdigital.com.br\/lojatechdry\/wp-json\/wp\/v2\/media?parent=85"}],"wp:term":[{"taxonomy":"product_cat","embeddable":true,"href":"https:\/\/developers.inhubdigital.com.br\/lojatechdry\/wp-json\/wp\/v2\/product_cat?post=85"},{"taxonomy":"product_tag","embeddable":true,"href":"https:\/\/developers.inhubdigital.com.br\/lojatechdry\/wp-json\/wp\/v2\/product_tag?post=85"}],"curies":[{"name":"wp","href":"https:\/\/api.w.org\/{rel}","templated":true}]}}