{"id":2799,"date":"2025-09-05T22:27:38","date_gmt":"2025-09-05T22:27:38","guid":{"rendered":"https:\/\/developers.inhubdigital.com.br\/medina\/?page_id=2799"},"modified":"2025-09-09T10:27:42","modified_gmt":"2025-09-09T10:27:42","slug":"financiamento","status":"publish","type":"page","link":"https:\/\/developers.inhubdigital.com.br\/medina\/financiamento\/","title":{"rendered":"Financiamento"},"content":{"rendered":"\t\t<div data-elementor-type=\"wp-page\" data-elementor-id=\"2799\" class=\"elementor elementor-2799\" data-elementor-post-type=\"page\">\n\t\t\t\t        <section class=\"elementor-section elementor-top-section elementor-element elementor-element-3bc1cef elementor-section-boxed elementor-section-height-default elementor-section-height-default pxl-type-header-none pxl-bg-color-none pxl-row-scroll-none\" data-id=\"3bc1cef\" data-element_type=\"section\" data-e-type=\"section\">\n\n                \n                <div class=\"elementor-container elementor-column-gap-default \">\n                <div class=\"elementor-column elementor-col-100 elementor-top-column elementor-element elementor-element-140aa24 pxl-col-none pxl-column-none\" data-id=\"140aa24\" data-element_type=\"column\" data-e-type=\"column\">\r\n        <div class=\"elementor-widget-wrap elementor-element-populated\">\r\n                     \r\n                <section class=\"elementor-section elementor-inner-section elementor-element elementor-element-1dcda1c elementor-section-boxed elementor-section-height-default elementor-section-height-default pxl-type-header-none pxl-bg-color-none pxl-row-scroll-none\" data-id=\"1dcda1c\" data-element_type=\"section\" data-e-type=\"section\">\n\n                \n                <div class=\"elementor-container elementor-column-gap-default \">\n                <div class=\"elementor-column elementor-col-33 elementor-inner-column elementor-element elementor-element-3fa0fed pxl-col-none pxl-column-none\" data-id=\"3fa0fed\" data-element_type=\"column\" data-e-type=\"column\">\r\n        <div class=\"elementor-widget-wrap elementor-element-populated\">\r\n                     \r\n        \t\t<div class=\"elementor-element elementor-element-82fde35 elementor-widget elementor-widget-image\" data-id=\"82fde35\" data-element_type=\"widget\" data-e-type=\"widget\" data-widget_type=\"image.default\">\n\t\t\t\t\t\t\t\t\t\t\t\t\t\t\t<img fetchpriority=\"high\" decoding=\"async\" width=\"768\" height=\"508\" src=\"https:\/\/developers.inhubdigital.com.br\/medina\/wp-content\/uploads\/2025\/09\/eewdfwfwfwfw.png\" class=\"attachment-large size-large wp-image-2761\" alt=\"\" srcset=\"https:\/\/developers.inhubdigital.com.br\/medina\/wp-content\/uploads\/2025\/09\/eewdfwfwfwfw.png 768w, https:\/\/developers.inhubdigital.com.br\/medina\/wp-content\/uploads\/2025\/09\/eewdfwfwfwfw-300x198.png 300w\" sizes=\"(max-width: 768px) 100vw, 768px\" \/>\t\t\t\t\t\t\t\t\t\t\t\t\t\t\t<\/div>\n\t\t\t\t<div class=\"elementor-element elementor-element-2a9e8a6 elementor-widget elementor-widget-text-editor\" data-id=\"2a9e8a6\" data-element_type=\"widget\" data-e-type=\"widget\" data-widget_type=\"text-editor.default\">\n\t\t\t\t\t\t\t\t\tFinanciamento de Ve\u00edculos\n\t\t\t\t\t\t\t\t<\/div>\n\t\t\t\t<div class=\"elementor-element elementor-element-fbfdeb8 elementor-widget elementor-widget-text-editor\" data-id=\"fbfdeb8\" data-element_type=\"widget\" data-e-type=\"widget\" data-widget_type=\"text-editor.default\">\n\t\t\t\t\t\t\t\t\tFinanciamento de ve\u00edculos com parcelas que cabe no seu bolso, adquira j\u00e1 o seu ve\u00edculo.\t\t\t\t\t\t\t\t<\/div>\n\t\t            <\/div>\r\n        <\/div>\r\n                <div class=\"elementor-column elementor-col-33 elementor-inner-column elementor-element elementor-element-65584ec pxl-col-none pxl-column-none\" data-id=\"65584ec\" data-element_type=\"column\" data-e-type=\"column\">\r\n        <div class=\"elementor-widget-wrap elementor-element-populated\">\r\n                     \r\n        \t\t<div class=\"elementor-element elementor-element-a8ef1d9 elementor-widget elementor-widget-image\" data-id=\"a8ef1d9\" data-element_type=\"widget\" data-e-type=\"widget\" data-widget_type=\"image.default\">\n\t\t\t\t\t\t\t\t\t\t\t\t\t\t\t<img decoding=\"async\" width=\"768\" height=\"508\" src=\"https:\/\/developers.inhubdigital.com.br\/medina\/wp-content\/uploads\/2025\/09\/service-box4-768x508-1.jpg\" class=\"attachment-large size-large wp-image-2766\" alt=\"\" srcset=\"https:\/\/developers.inhubdigital.com.br\/medina\/wp-content\/uploads\/2025\/09\/service-box4-768x508-1.jpg 768w, https:\/\/developers.inhubdigital.com.br\/medina\/wp-content\/uploads\/2025\/09\/service-box4-768x508-1-300x198.jpg 300w\" sizes=\"(max-width: 768px) 100vw, 768px\" \/>\t\t\t\t\t\t\t\t\t\t\t\t\t\t\t<\/div>\n\t\t\t\t<div class=\"elementor-element elementor-element-11d3a5b elementor-widget elementor-widget-text-editor\" data-id=\"11d3a5b\" data-element_type=\"widget\" data-e-type=\"widget\" data-widget_type=\"text-editor.default\">\n\t\t\t\t\t\t\t\t\tFinanciamento de Im\u00f3veis\n\t\t\t\t\t\t\t\t<\/div>\n\t\t\t\t<div class=\"elementor-element elementor-element-f592da9 elementor-widget elementor-widget-text-editor\" data-id=\"f592da9\" data-element_type=\"widget\" data-e-type=\"widget\" data-widget_type=\"text-editor.default\">\n\t\t\t\t\t\t\t\t\tUma \u00f3tima op\u00e7\u00e3o para voc\u00ea que quer sair do aluguel, e ter sua casa pr\u00f3pria, venha conferir nossas op\u00e7\u00f5es de financiamento.\t\t\t\t\t\t\t\t<\/div>\n\t\t            <\/div>\r\n        <\/div>\r\n                <div class=\"elementor-column elementor-col-33 elementor-inner-column elementor-element elementor-element-fcd5598 pxl-col-none pxl-column-none\" data-id=\"fcd5598\" data-element_type=\"column\" data-e-type=\"column\">\r\n        <div class=\"elementor-widget-wrap elementor-element-populated\">\r\n                     \r\n        \t\t<div class=\"elementor-element elementor-element-ca33c54 elementor-widget elementor-widget-image\" data-id=\"ca33c54\" data-element_type=\"widget\" data-e-type=\"widget\" data-widget_type=\"image.default\">\n\t\t\t\t\t\t\t\t\t\t\t\t\t\t\t<img decoding=\"async\" width=\"600\" height=\"400\" src=\"https:\/\/developers.inhubdigital.com.br\/medina\/wp-content\/uploads\/2025\/09\/emprestimo-empresarial-600x400-1.jpg\" class=\"attachment-large size-large wp-image-2762\" alt=\"\" srcset=\"https:\/\/developers.inhubdigital.com.br\/medina\/wp-content\/uploads\/2025\/09\/emprestimo-empresarial-600x400-1.jpg 600w, https:\/\/developers.inhubdigital.com.br\/medina\/wp-content\/uploads\/2025\/09\/emprestimo-empresarial-600x400-1-300x200.jpg 300w\" sizes=\"(max-width: 600px) 100vw, 600px\" \/>\t\t\t\t\t\t\t\t\t\t\t\t\t\t\t<\/div>\n\t\t\t\t<div class=\"elementor-element elementor-element-86df916 elementor-widget elementor-widget-text-editor\" data-id=\"86df916\" data-element_type=\"widget\" data-e-type=\"widget\" data-widget_type=\"text-editor.default\">\n\t\t\t\t\t\t\t\t\tEnergia Solar Fotovoltaica\t\t\t\t\t\t\t\t<\/div>\n\t\t\t\t<div class=\"elementor-element elementor-element-0707349 elementor-widget elementor-widget-text-editor\" data-id=\"0707349\" data-element_type=\"widget\" data-e-type=\"widget\" data-widget_type=\"text-editor.default\">\n\t\t\t\t\t\t\t\t\tFinanciamento para a instala\u00e7\u00e3o e a implementa\u00e7\u00e3o da energia solar fotovoltaica, em im\u00f3veis.\n\t\t\t\t\t\t\t\t<\/div>\n\t\t            <\/div>\r\n        <\/div>\r\n        \t\t\t<\/div>\n\t\t<\/section>\n\t\t            <\/div>\r\n        <\/div>\r\n        \t\t\t<\/div>\n\t\t<\/section>\n\t\t        <section class=\"elementor-section elementor-top-section elementor-element elementor-element-5d2272e elementor-section-stretched elementor-section-boxed elementor-section-height-default elementor-section-height-default pxl-type-header-none pxl-bg-color-none pxl-row-scroll-none elementor-invisible\" data-id=\"5d2272e\" data-element_type=\"section\" data-e-type=\"section\" data-settings=\"{&quot;stretch_section&quot;:&quot;section-stretched&quot;,&quot;animation&quot;:&quot;fadeInUp&quot;,&quot;background_background&quot;:&quot;classic&quot;}\">\n\n                \n                <div class=\"elementor-container elementor-column-gap-extended \">\n                <div class=\"elementor-column elementor-col-50 elementor-top-column elementor-element elementor-element-5a40f9d pxl-col-none pxl-column-none\" data-id=\"5a40f9d\" data-element_type=\"column\" data-e-type=\"column\">\r\n        <div class=\"elementor-widget-wrap elementor-element-populated\">\r\n                     \r\n        \t\t<div class=\"elementor-element elementor-element-ebd68fd elementor-widget elementor-widget-pxl_image\" data-id=\"ebd68fd\" data-element_type=\"widget\" data-e-type=\"widget\" data-widget_type=\"pxl_image.default\">\n\t\t\t\t<div class=\"elementor-widget-container\">\n\t\t\t\t\t<div class=\"pxl-image-single style2  \" data-wow-delay=\"ms\" data-maxtilt=\"\" data-speedtilt=\"\">\r\n                        <div class=\"pxl-item--inner\">\r\n                                <img loading=\"lazy\" decoding=\"async\" width=\"850\" height=\"1200\" src=\"https:\/\/developers.inhubdigital.com.br\/medina\/wp-content\/uploads\/2025\/09\/dqdqddqt.jpg\" class=\"no-lazyload attachment-full\" alt=\"\" \/>                            <\/div>\r\n            <\/div>\t\t\t\t<\/div>\n\t\t\t\t<\/div>\n\t\t            <\/div>\r\n        <\/div>\r\n                <div class=\"elementor-column elementor-col-50 elementor-top-column elementor-element elementor-element-5a3c75d pxl-col-none pxl-column-none\" data-id=\"5a3c75d\" data-element_type=\"column\" data-e-type=\"column\">\r\n        <div class=\"elementor-widget-wrap elementor-element-populated\">\r\n                     \r\n        \t\t<div class=\"elementor-element elementor-element-10f38b4 elementor-widget elementor-widget-pxl_heading\" data-id=\"10f38b4\" data-element_type=\"widget\" data-e-type=\"widget\" data-widget_type=\"pxl_heading.default\">\n\t\t\t\t<div class=\"elementor-widget-container\">\n\t\t\t\t\t<div class=\"pxl-heading\">\n\t<div class=\"pxl-heading--inner\">\n\t\t\t<h3 class=\"pxl-item--title  highlight-default Teko\" data-wow-delay=\"ms\">\n\tSolu\u00e7\u00f5es financeiras que resolvem de verdade\t\t\n\t<\/h3>\n<\/div>\n<\/div>\t\t\t\t<\/div>\n\t\t\t\t<\/div>\n\t\t\t\t<div class=\"elementor-element elementor-element-5f4948f elementor-widget elementor-widget-pxl_text_editor\" data-id=\"5f4948f\" data-element_type=\"widget\" data-e-type=\"widget\" data-widget_type=\"pxl_text_editor.default\">\n\t\t\t\t<div class=\"elementor-widget-container\">\n\t\t\t\t\t<div class=\"pxl-text-editor\">\n\t<div class=\"pxl-item--inner  \" data-wow-delay=\"ms\">\n\t\tNa Medina Cred entregamos solu\u00e7\u00f5es pensadas para transformar seus objetivos em realidade. Agimos para reduzir o tempo, simplificar a papelada e manter voc\u00ea informado a cada passo. Resultado: menos incerteza, mais previsibilidade e um \u00fanico ponto de contato para tudo que precisar.\t\t\n\t<\/div>\n<\/div>\t\t\t\t<\/div>\n\t\t\t\t<\/div>\n\t\t\t\t<div class=\"elementor-element elementor-element-6acda5d elementor-widget elementor-widget-text-editor\" data-id=\"6acda5d\" data-element_type=\"widget\" data-e-type=\"widget\" data-widget_type=\"text-editor.default\">\n\t\t\t\t\t\t\t\t\tAcreditamos que cr\u00e9dito deve aproximar voc\u00ea do seu objetivo \u2014 n\u00e3o criar mais d\u00favidas. Unimos processos digitais e atendimento humano para tornar tudo r\u00e1pido, claro e sem surpresas.\t\t\t\t\t\t\t\t<\/div>\n\t\t        <section class=\"elementor-section elementor-inner-section elementor-element elementor-element-4615017 elementor-section-boxed elementor-section-height-default elementor-section-height-default pxl-type-header-none pxl-bg-color-none pxl-row-scroll-none\" data-id=\"4615017\" data-element_type=\"section\" data-e-type=\"section\">\n\n                \n                <div class=\"elementor-container elementor-column-gap-extended \">\n                <div class=\"elementor-column elementor-col-50 elementor-inner-column elementor-element elementor-element-dfab11e pxl-col-none pxl-column-none\" data-id=\"dfab11e\" data-element_type=\"column\" data-e-type=\"column\">\r\n        <div class=\"elementor-widget-wrap elementor-element-populated\">\r\n                     \r\n        \t\t<div class=\"elementor-element elementor-element-e725fcf elementor-widget elementor-widget-pxl_link\" data-id=\"e725fcf\" data-element_type=\"widget\" data-e-type=\"widget\" data-widget_type=\"pxl_link.default\">\n\t\t\t\t<div class=\"elementor-widget-container\">\n\t\t\t\t\t    <ul class=\"pxl-link pxl-link-l1 vertical  style2 \" data-wow-delay=\"ms\">\r\n                        <li class=\"elementor-repeater-item-aeca997\">\r\n                    <a >\r\n                        <i aria-hidden=\"true\" class=\"caseicon caseicon-check-mark\"><\/i>                        <span>Pr\u00e9-aprova\u00e7\u00e3o r\u00e1pida<\/span>\r\n                    <\/a>\r\n                <\/li>\r\n                        <li class=\"elementor-repeater-item-6ca417f\">\r\n                    <a >\r\n                        <i aria-hidden=\"true\" class=\"caseicon caseicon-check-mark\"><\/i>                        <span>Envio digital de documentos<\/span>\r\n                    <\/a>\r\n                <\/li>\r\n                        <li class=\"elementor-repeater-item-ef82ad6\">\r\n                    <a >\r\n                        <i aria-hidden=\"true\" class=\"caseicon caseicon-check-mark\"><\/i>                        <span>Op\u00e7\u00f5es que cabem no bolso<\/span>\r\n                    <\/a>\r\n                <\/li>\r\n            <\/ul>\r\n\t\t\t\t<\/div>\n\t\t\t\t<\/div>\n\t\t            <\/div>\r\n        <\/div>\r\n                <div class=\"elementor-column elementor-col-50 elementor-inner-column elementor-element elementor-element-3429d41 pxl-col-none pxl-column-none\" data-id=\"3429d41\" data-element_type=\"column\" data-e-type=\"column\">\r\n        <div class=\"elementor-widget-wrap elementor-element-populated\">\r\n                     \r\n        \t\t<div class=\"elementor-element elementor-element-37d965c elementor-widget elementor-widget-pxl_link\" data-id=\"37d965c\" data-element_type=\"widget\" data-e-type=\"widget\" data-widget_type=\"pxl_link.default\">\n\t\t\t\t<div class=\"elementor-widget-container\">\n\t\t\t\t\t    <ul class=\"pxl-link pxl-link-l1 vertical  style2 \" data-wow-delay=\"ms\">\r\n                        <li class=\"elementor-repeater-item-6ca417f\">\r\n                    <a >\r\n                        <i aria-hidden=\"true\" class=\"caseicon caseicon-check-mark\"><\/i>                        <span>Libera\u00e7\u00e3o \u00e1gil do recurso<\/span>\r\n                    <\/a>\r\n                <\/li>\r\n                        <li class=\"elementor-repeater-item-aeca997\">\r\n                    <a >\r\n                        <i aria-hidden=\"true\" class=\"caseicon caseicon-check-mark\"><\/i>                        <span>Atendimento dedicado<\/span>\r\n                    <\/a>\r\n                <\/li>\r\n                        <li class=\"elementor-repeater-item-65b6af2\">\r\n                    <a >\r\n                        <i aria-hidden=\"true\" class=\"caseicon caseicon-check-mark\"><\/i>                        <span>Suporte at\u00e9 a finaliza\u00e7\u00e3o<\/span>\r\n                    <\/a>\r\n                <\/li>\r\n            <\/ul>\r\n\t\t\t\t<\/div>\n\t\t\t\t<\/div>\n\t\t            <\/div>\r\n        <\/div>\r\n        \t\t\t<\/div>\n\t\t<\/section>\n\t\t            <\/div>\r\n        <\/div>\r\n        \t\t\t<\/div>\n\t\t<\/section>\n\t\t        <section class=\"elementor-section elementor-top-section elementor-element elementor-element-f9228f1 elementor-section-boxed elementor-section-height-default elementor-section-height-default pxl-type-header-none pxl-bg-color-none pxl-row-scroll-none\" data-id=\"f9228f1\" data-element_type=\"section\" data-e-type=\"section\">\n\n                \n                <div class=\"elementor-container elementor-column-gap-default \">\n                <div class=\"elementor-column elementor-col-100 elementor-top-column elementor-element elementor-element-2aa54ae pxl-col-none pxl-column-none\" data-id=\"2aa54ae\" data-element_type=\"column\" data-e-type=\"column\">\r\n        <div class=\"elementor-widget-wrap elementor-element-populated\">\r\n                     \r\n                <section class=\"elementor-section elementor-inner-section elementor-element elementor-element-5a80705 elementor-section-boxed elementor-section-height-default elementor-section-height-default pxl-type-header-none pxl-bg-color-none pxl-row-scroll-none\" data-id=\"5a80705\" data-element_type=\"section\" data-e-type=\"section\">\n\n                \n                <div class=\"elementor-container elementor-column-gap-default \">\n                <div class=\"elementor-column elementor-col-100 elementor-inner-column elementor-element elementor-element-e533439 pxl-col-none pxl-column-none\" data-id=\"e533439\" data-element_type=\"column\" data-e-type=\"column\">\r\n        <div class=\"elementor-widget-wrap elementor-element-populated\">\r\n                     \r\n        \t\t<div class=\"elementor-element elementor-element-1408dcd elementor-widget elementor-widget-pxl_heading\" data-id=\"1408dcd\" data-element_type=\"widget\" data-e-type=\"widget\" data-widget_type=\"pxl_heading.default\">\n\t\t\t\t<div class=\"elementor-widget-container\">\n\t\t\t\t\t<div class=\"pxl-heading\">\n\t<div class=\"pxl-heading--inner\">\n\t\t\t<h3 class=\"pxl-item--title  highlight-default Teko\" data-wow-delay=\"ms\">\n\tSolicitar Simula\u00e7\u00e3o\t\t\n\t<\/h3>\n<\/div>\n<\/div>\t\t\t\t<\/div>\n\t\t\t\t<\/div>\n\t\t\t\t<div class=\"elementor-element elementor-element-12c7377 elementor-button-align-center elementor-widget elementor-widget-form\" data-id=\"12c7377\" data-element_type=\"widget\" data-e-type=\"widget\" data-settings=\"{&quot;step_next_label&quot;:&quot;Next&quot;,&quot;step_previous_label&quot;:&quot;Previous&quot;,&quot;button_width&quot;:&quot;100&quot;,&quot;step_type&quot;:&quot;number_text&quot;,&quot;step_icon_shape&quot;:&quot;circle&quot;}\" data-widget_type=\"form.default\">\n\t\t\t\t\t\t\t<form class=\"elementor-form\" method=\"post\" name=\"New Form\" aria-label=\"New Form\">\n\t\t\t<input type=\"hidden\" name=\"post_id\" value=\"2799\"\/>\n\t\t\t<input type=\"hidden\" name=\"form_id\" value=\"12c7377\"\/>\n\t\t\t<input type=\"hidden\" name=\"referer_title\" value=\"Financiamento\" \/>\n\n\t\t\t\t\t\t\t<input type=\"hidden\" name=\"queried_id\" value=\"2799\"\/>\n\t\t\t\n\t\t\t<div class=\"elementor-form-fields-wrapper elementor-labels-above\">\n\t\t\t\t\t\t\t\t<div class=\"elementor-field-type-text elementor-field-group elementor-column elementor-field-group-name elementor-col-50 elementor-field-required\">\n\t\t\t\t\t\t\t\t\t\t\t\t<label for=\"form-field-name\" class=\"elementor-field-label\">\n\t\t\t\t\t\t\t\tNome\t\t\t\t\t\t\t<\/label>\n\t\t\t\t\t\t\t\t\t\t\t\t\t\t<input size=\"1\" type=\"text\" name=\"form_fields[name]\" id=\"form-field-name\" class=\"elementor-field elementor-size-sm  elementor-field-textual\" required=\"required\">\n\t\t\t\t\t\t\t\t\t\t\t<\/div>\n\t\t\t\t\t\t\t\t<div class=\"elementor-field-type-text elementor-field-group elementor-column elementor-field-group-field_fab51cd elementor-col-50 elementor-field-required\">\n\t\t\t\t\t\t\t\t\t\t\t\t<label for=\"form-field-field_fab51cd\" class=\"elementor-field-label\">\n\t\t\t\t\t\t\t\tSobrenome\t\t\t\t\t\t\t<\/label>\n\t\t\t\t\t\t\t\t\t\t\t\t\t\t<input size=\"1\" type=\"text\" name=\"form_fields[field_fab51cd]\" id=\"form-field-field_fab51cd\" class=\"elementor-field elementor-size-sm  elementor-field-textual\" required=\"required\">\n\t\t\t\t\t\t\t\t\t\t\t<\/div>\n\t\t\t\t\t\t\t\t<div class=\"elementor-field-type-email elementor-field-group elementor-column elementor-field-group-email elementor-col-50 elementor-field-required\">\n\t\t\t\t\t\t\t\t\t\t\t\t<label for=\"form-field-email\" class=\"elementor-field-label\">\n\t\t\t\t\t\t\t\tE-mail\t\t\t\t\t\t\t<\/label>\n\t\t\t\t\t\t\t\t\t\t\t\t\t\t<input size=\"1\" type=\"email\" name=\"form_fields[email]\" id=\"form-field-email\" class=\"elementor-field elementor-size-sm  elementor-field-textual\" required=\"required\">\n\t\t\t\t\t\t\t\t\t\t\t<\/div>\n\t\t\t\t\t\t\t\t<div class=\"elementor-field-type-email elementor-field-group elementor-column elementor-field-group-field_51522b5 elementor-col-50 elementor-field-required\">\n\t\t\t\t\t\t\t\t\t\t\t\t<label for=\"form-field-field_51522b5\" class=\"elementor-field-label\">\n\t\t\t\t\t\t\t\tTelefone\t\t\t\t\t\t\t<\/label>\n\t\t\t\t\t\t\t\t\t\t\t\t\t\t<input size=\"1\" type=\"email\" name=\"form_fields[field_51522b5]\" id=\"form-field-field_51522b5\" class=\"elementor-field elementor-size-sm  elementor-field-textual\" required=\"required\">\n\t\t\t\t\t\t\t\t\t\t\t<\/div>\n\t\t\t\t\t\t\t\t<div class=\"elementor-field-type-email elementor-field-group elementor-column elementor-field-group-field_77b0df6 elementor-col-75 elementor-field-required\">\n\t\t\t\t\t\t\t\t\t\t\t\t<label for=\"form-field-field_77b0df6\" class=\"elementor-field-label\">\n\t\t\t\t\t\t\t\tCidade\t\t\t\t\t\t\t<\/label>\n\t\t\t\t\t\t\t\t\t\t\t\t\t\t<input size=\"1\" type=\"email\" name=\"form_fields[field_77b0df6]\" id=\"form-field-field_77b0df6\" class=\"elementor-field elementor-size-sm  elementor-field-textual\" required=\"required\">\n\t\t\t\t\t\t\t\t\t\t\t<\/div>\n\t\t\t\t\t\t\t\t<div class=\"elementor-field-type-select elementor-field-group elementor-column elementor-field-group-field_96500f8 elementor-col-25 elementor-field-required\">\n\t\t\t\t\t\t\t\t\t\t\t\t<label for=\"form-field-field_96500f8\" class=\"elementor-field-label\">\n\t\t\t\t\t\t\t\tUF\t\t\t\t\t\t\t<\/label>\n\t\t\t\t\t\t\t\t<div class=\"elementor-field elementor-select-wrapper remove-before \">\n\t\t\t<div class=\"select-caret-down-wrapper\">\n\t\t\t\t<i aria-hidden=\"true\" class=\"eicon-caret-down\"><\/i>\t\t\t<\/div>\n\t\t\t<select name=\"form_fields[field_96500f8]\" id=\"form-field-field_96500f8\" class=\"elementor-field-textual elementor-size-sm\" required=\"required\">\n\t\t\t\t\t\t\t\t\t<option value=\"\"><\/option>\n\t\t\t\t\t\t\t<\/select>\n\t\t<\/div>\n\t\t\t\t\t\t<\/div>\n\t\t\t\t\t\t\t\t<div class=\"elementor-field-type-email elementor-field-group elementor-column elementor-field-group-field_02184c2 elementor-col-100 elementor-field-required\">\n\t\t\t\t\t\t\t\t\t\t\t\t<label for=\"form-field-field_02184c2\" class=\"elementor-field-label\">\n\t\t\t\t\t\t\t\tServi\u00e7o de Interesse\t\t\t\t\t\t\t<\/label>\n\t\t\t\t\t\t\t\t\t\t\t\t\t\t<input size=\"1\" type=\"email\" name=\"form_fields[field_02184c2]\" id=\"form-field-field_02184c2\" class=\"elementor-field elementor-size-sm  elementor-field-textual\" required=\"required\">\n\t\t\t\t\t\t\t\t\t\t\t<\/div>\n\t\t\t\t\t\t\t\t<div class=\"elementor-field-group elementor-column elementor-field-type-submit elementor-col-100 e-form__buttons\">\n\t\t\t\t\t<button class=\"elementor-button elementor-size-sm\" type=\"submit\">\n\t\t\t\t\t\t<span class=\"elementor-button-content-wrapper\">\n\t\t\t\t\t\t\t\t\t\t\t\t\t\t\t\t\t\t\t\t\t\t<span class=\"elementor-button-text\">SOLICITAR UMA SIMULA\u00c7\u00c3O<\/span>\n\t\t\t\t\t\t\t\t\t\t\t\t\t<\/span>\n\t\t\t\t\t<\/button>\n\t\t\t\t<\/div>\n\t\t\t<\/div>\n\t\t<\/form>\n\t\t\t\t\t\t<\/div>\n\t\t            <\/div>\r\n        <\/div>\r\n        \t\t\t<\/div>\n\t\t<\/section>\n\t\t            <\/div>\r\n        <\/div>\r\n        \t\t\t<\/div>\n\t\t<\/section>\n\t\t\t\t<\/div>\n\t\t","protected":false},"excerpt":{"rendered":"<p>Financiamento de Ve\u00edculos Financiamento de ve\u00edculos com parcelas que cabe no seu bolso, adquira j\u00e1 o seu ve\u00edculo. Financiamento de Im\u00f3veis Uma \u00f3tima op\u00e7\u00e3o para voc\u00ea que quer sair do aluguel, e ter sua casa pr\u00f3pria, venha conferir nossas op\u00e7\u00f5es de financiamento. Energia Solar FotovoltaicaFinanciamento para a instala\u00e7\u00e3o e a implementa\u00e7\u00e3o da energia solar fotovoltaica, [&hellip;]<\/p>\n","protected":false},"author":1,"featured_media":0,"parent":0,"menu_order":0,"comment_status":"closed","ping_status":"open","template":"","meta":{"footnotes":""},"class_list":["post-2799","page","type-page","status-publish","hentry"],"_links":{"self":[{"href":"https:\/\/developers.inhubdigital.com.br\/medina\/wp-json\/wp\/v2\/pages\/2799","targetHints":{"allow":["GET"]}}],"collection":[{"href":"https:\/\/developers.inhubdigital.com.br\/medina\/wp-json\/wp\/v2\/pages"}],"about":[{"href":"https:\/\/developers.inhubdigital.com.br\/medina\/wp-json\/wp\/v2\/types\/page"}],"author":[{"embeddable":true,"href":"https:\/\/developers.inhubdigital.com.br\/medina\/wp-json\/wp\/v2\/users\/1"}],"replies":[{"embeddable":true,"href":"https:\/\/developers.inhubdigital.com.br\/medina\/wp-json\/wp\/v2\/comments?post=2799"}],"version-history":[{"count":4,"href":"https:\/\/developers.inhubdigital.com.br\/medina\/wp-json\/wp\/v2\/pages\/2799\/revisions"}],"predecessor-version":[{"id":2803,"href":"https:\/\/developers.inhubdigital.com.br\/medina\/wp-json\/wp\/v2\/pages\/2799\/revisions\/2803"}],"wp:attachment":[{"href":"https:\/\/developers.inhubdigital.com.br\/medina\/wp-json\/wp\/v2\/media?parent=2799"}],"curies":[{"name":"wp","href":"https:\/\/api.w.org\/{rel}","templated":true}]}}