{"id":5416,"date":"2025-01-06T11:20:30","date_gmt":"2025-01-06T11:20:30","guid":{"rendered":"https:\/\/wp.storebuild.shop\/insurai\/?page_id=5416"},"modified":"2026-01-07T01:10:47","modified_gmt":"2026-01-07T01:10:47","slug":"contato","status":"publish","type":"page","link":"https:\/\/developers.inhubdigital.com.br\/sagacred\/contato\/","title":{"rendered":"Contato"},"content":{"rendered":"\t\t<div data-elementor-type=\"wp-page\" data-elementor-id=\"5416\" class=\"elementor elementor-5416\" data-elementor-post-type=\"page\">\n\t\t\t\t<div class=\"elementor-element elementor-element-3a3758d e-flex e-con-boxed e-con e-parent\" data-id=\"3a3758d\" data-element_type=\"container\" data-e-type=\"container\" data-settings=\"{&quot;storebuild_scrolling_effects&quot;:&quot;no&quot;,&quot;storebuild_mouse_effects&quot;:&quot;no&quot;}\">\n\t\t\t\t\t<div class=\"e-con-inner\">\n\t\t<div class=\"elementor-element elementor-element-5099618 e-con-full e-flex e-con e-child\" data-id=\"5099618\" data-element_type=\"container\" data-e-type=\"container\" data-settings=\"{&quot;storebuild_scrolling_effects&quot;:&quot;no&quot;,&quot;storebuild_mouse_effects&quot;:&quot;no&quot;}\">\n\t\t\t\t<div class=\"elementor-element elementor-element-1ad4370 elementor-widget elementor-widget-tp-contact-link\" data-id=\"1ad4370\" data-element_type=\"widget\" data-e-type=\"widget\" data-settings=\"{&quot;tp_anima_type&quot;:&quot;fadeInUp&quot;}\" data-widget_type=\"tp-contact-link.default\">\n\t\t\t\t<div class=\"elementor-widget-container\">\n\t\t\t\t\t\r\n\t\t\r\n\t\t\t<div class=\"tp-contact-item-2 text-center tp-el-section wow fadeInUp\"\r\n\t\t\t\tdata-wow-duration=\".9s\" data-wow-delay=\"0.3s\">\r\n\t\t\t\t<div class=\"tp-contact-icon mb-20\">\r\n\t\t\t\t\t<span>\r\n\t\t\t\t\t\t<span class=\"tp-icon_box-icon \"><i aria-hidden=\"true\" class=\"tp flaticon-location\"><\/i><\/span>\t\t\t\t\t<\/span>\r\n\t\t\t\t<\/div>\r\n\t\t\t\t<div class=\"tp-contact-content\">\r\n\r\n\t\t\t\t\t\t\t\t\t\t\t<h4 class=\"tp-contact-title-3 tp-el-title\">\r\n\t\t\t\t\t\t\tLocaliza\u00e7\u00e3o\t\t\t\t\t\t<\/h4>\r\n\t\t\t\t\t\r\n\t\t\t\t\t\t\t\t\t\t\t<div class=\"tp-el-subtitle\">\r\n\t\t\t\t\t\t\tS\u00e3o Geraldo - MG\t\t\t\t\t\t<\/div>\r\n\t\t\t\t\t\t\t\t\t<\/div>\r\n\t\t\t<\/div>\r\n\t\t\t\t\t\t<\/div>\n\t\t\t\t<\/div>\n\t\t\t\t<\/div>\n\t\t<div class=\"elementor-element elementor-element-eb2a1a2 e-con-full e-flex e-con e-child\" data-id=\"eb2a1a2\" data-element_type=\"container\" data-e-type=\"container\" data-settings=\"{&quot;storebuild_scrolling_effects&quot;:&quot;no&quot;,&quot;storebuild_mouse_effects&quot;:&quot;no&quot;}\">\n\t\t\t\t<div class=\"elementor-element elementor-element-7c9210f elementor-widget elementor-widget-tp-contact-link\" data-id=\"7c9210f\" data-element_type=\"widget\" data-e-type=\"widget\" data-settings=\"{&quot;tp_anima_type&quot;:&quot;fadeInUp&quot;}\" data-widget_type=\"tp-contact-link.default\">\n\t\t\t\t<div class=\"elementor-widget-container\">\n\t\t\t\t\t\r\n\t\t\r\n\t\t\t<div class=\"tp-contact-item-2 text-center tp-el-section wow fadeInUp\"\r\n\t\t\t\tdata-wow-duration=\"1.1s\" data-wow-delay=\"0.3s\">\r\n\t\t\t\t<div class=\"tp-contact-icon mb-20\">\r\n\t\t\t\t\t<span>\r\n\t\t\t\t\t\t<span class=\"tp-icon_box-icon \"><i aria-hidden=\"true\" class=\"fal fa-envelope\"><\/i><\/span>\t\t\t\t\t<\/span>\r\n\t\t\t\t<\/div>\r\n\t\t\t\t<div class=\"tp-contact-content\">\r\n\r\n\t\t\t\t\t\t\t\t\t\t\t<h4 class=\"tp-contact-title-3 tp-el-title\">\r\n\t\t\t\t\t\t\tE-mail\t\t\t\t\t\t<\/h4>\r\n\t\t\t\t\t\r\n\t\t\t\t\t\t\t\t\t\t\t<div class=\"tp-el-subtitle\">\r\n\t\t\t\t\t\t\tcontato@sagacreditos.com.br\t\t\t\t\t\t<\/div>\r\n\t\t\t\t\t\t\t\t\t<\/div>\r\n\t\t\t<\/div>\r\n\t\t\t\t\t\t<\/div>\n\t\t\t\t<\/div>\n\t\t\t\t<\/div>\n\t\t<div class=\"elementor-element elementor-element-d55957c e-con-full e-flex e-con e-child\" data-id=\"d55957c\" data-element_type=\"container\" data-e-type=\"container\" data-settings=\"{&quot;storebuild_scrolling_effects&quot;:&quot;no&quot;,&quot;storebuild_mouse_effects&quot;:&quot;no&quot;}\">\n\t\t\t\t<div class=\"elementor-element elementor-element-c2dd475 elementor-widget elementor-widget-tp-contact-link\" data-id=\"c2dd475\" data-element_type=\"widget\" data-e-type=\"widget\" data-settings=\"{&quot;tp_anima_type&quot;:&quot;fadeInUp&quot;}\" data-widget_type=\"tp-contact-link.default\">\n\t\t\t\t<div class=\"elementor-widget-container\">\n\t\t\t\t\t\r\n\t\t\r\n\t\t\t<div class=\"tp-contact-item-2 text-center tp-el-section wow fadeInUp\"\r\n\t\t\t\tdata-wow-duration=\"1.3s\" data-wow-delay=\"0.3s\">\r\n\t\t\t\t<div class=\"tp-contact-icon mb-20\">\r\n\t\t\t\t\t<span>\r\n\t\t\t\t\t\t<span class=\"tp-icon_box-icon \"><i aria-hidden=\"true\" class=\"tp flaticon-telephone\"><\/i><\/span>\t\t\t\t\t<\/span>\r\n\t\t\t\t<\/div>\r\n\t\t\t\t<div class=\"tp-contact-content\">\r\n\r\n\t\t\t\t\t\t\t\t\t\t\t<h4 class=\"tp-contact-title-3 tp-el-title\">\r\n\t\t\t\t\t\t\tContato\t\t\t\t\t\t<\/h4>\r\n\t\t\t\t\t\r\n\t\t\t\t\t\t\t\t\t\t\t<div class=\"tp-el-subtitle\">\r\n\t\t\t\t\t\t\t(00) 00000 - 0000\t\t\t\t\t\t<\/div>\r\n\t\t\t\t\t\t\t\t\t<\/div>\r\n\t\t\t<\/div>\r\n\t\t\t\t\t\t<\/div>\n\t\t\t\t<\/div>\n\t\t\t\t<\/div>\n\t\t\t\t\t<\/div>\n\t\t\t\t<\/div>\n\t\t<div class=\"elementor-element elementor-element-80fb157 e-flex e-con-boxed e-con e-parent\" data-id=\"80fb157\" data-element_type=\"container\" data-e-type=\"container\" data-settings=\"{&quot;storebuild_scrolling_effects&quot;:&quot;no&quot;,&quot;storebuild_mouse_effects&quot;:&quot;no&quot;}\">\n\t\t\t\t\t<div class=\"e-con-inner\">\n\t\t<div class=\"elementor-element elementor-element-f795366 e-con-full e-flex e-con e-child\" data-id=\"f795366\" data-element_type=\"container\" data-e-type=\"container\" data-settings=\"{&quot;storebuild_scrolling_effects&quot;:&quot;no&quot;,&quot;storebuild_mouse_effects&quot;:&quot;no&quot;}\">\n\t\t\t\t<div class=\"elementor-element elementor-element-a4bc4b2 elementor-widget elementor-widget-heading\" data-id=\"a4bc4b2\" data-element_type=\"widget\" data-e-type=\"widget\" data-widget_type=\"heading.default\">\n\t\t\t\t\t<h2 class=\"elementor-heading-title elementor-size-default\">Fale Conosco<\/h2>\t\t\t\t<\/div>\n\t\t\t\t<div class=\"elementor-element elementor-element-b2e2142 elementor-widget elementor-widget-shortcode\" data-id=\"b2e2142\" data-element_type=\"widget\" data-e-type=\"widget\" data-widget_type=\"shortcode.default\">\n\t\t\t\t\t\t\t<div class=\"elementor-shortcode\">\n<div class=\"wpcf7 no-js\" id=\"wpcf7-f5435-o1\" lang=\"en-US\" dir=\"ltr\" data-wpcf7-id=\"5435\">\n<div class=\"screen-reader-response\"><p role=\"status\" aria-live=\"polite\" aria-atomic=\"true\"><\/p> <ul><\/ul><\/div>\n<form action=\"\/sagacred\/wp-json\/wp\/v2\/pages\/5416#wpcf7-f5435-o1\" method=\"post\" class=\"wpcf7-form init\" aria-label=\"Contact form\" novalidate=\"novalidate\" data-status=\"init\">\n<fieldset class=\"hidden-fields-container\"><input type=\"hidden\" name=\"_wpcf7\" value=\"5435\" \/><input type=\"hidden\" name=\"_wpcf7_version\" value=\"6.1.5\" \/><input type=\"hidden\" name=\"_wpcf7_locale\" value=\"en_US\" \/><input type=\"hidden\" name=\"_wpcf7_unit_tag\" value=\"wpcf7-f5435-o1\" \/><input type=\"hidden\" name=\"_wpcf7_container_post\" value=\"0\" \/><input type=\"hidden\" name=\"_wpcf7_posted_data_hash\" value=\"\" \/>\n<\/fieldset>\n<div class=\"row\">\n   <div class=\"col-lg-6 mb-20\">\n      <div class=\"tp-contact-single-input\">\n         <span class=\"wpcf7-form-control-wrap\" data-name=\"text-532\"><input size=\"40\" maxlength=\"400\" class=\"wpcf7-form-control wpcf7-text\" aria-invalid=\"false\" placeholder=\"Nome\" value=\"\" type=\"text\" name=\"text-532\" \/><\/span>\n      <\/div>\n   <\/div>\n   <div class=\"col-lg-6 mb-20\">\n      <div class=\"tp-contact-single-input\">\n         <span class=\"wpcf7-form-control-wrap\" data-name=\"email-22\"><input size=\"40\" maxlength=\"400\" class=\"wpcf7-form-control wpcf7-email wpcf7-text wpcf7-validates-as-email\" aria-invalid=\"false\" placeholder=\"E-mail\" value=\"\" type=\"email\" name=\"email-22\" \/><\/span>\n      <\/div>\n   <\/div>\n   <div class=\"col-lg-6 mb-20\">\n      <div class=\"tp-contact-single-input\">\n         <span class=\"wpcf7-form-control-wrap\" data-name=\"text-388\"><input size=\"40\" maxlength=\"400\" class=\"wpcf7-form-control wpcf7-text\" aria-invalid=\"false\" placeholder=\"Telefone\" value=\"\" type=\"text\" name=\"text-388\" \/><\/span>\n      <\/div>\n   <\/div>\n   <div class=\"col-lg-6 mb-20\">\n      <div class=\"tp-contact-single-input\">\n         <span class=\"wpcf7-form-control-wrap\" data-name=\"text-637\"><input size=\"40\" maxlength=\"400\" class=\"wpcf7-form-control wpcf7-text\" aria-invalid=\"false\" placeholder=\"Assunto\" value=\"\" type=\"text\" name=\"text-637\" \/><\/span>\n      <\/div>\n   <\/div>\n   <div class=\"col-lg-12 mb-10\">\n      <div class=\"tp-contact-single-textarea\">\n         <span class=\"wpcf7-form-control-wrap\" data-name=\"textarea-826\"><textarea cols=\"40\" rows=\"10\" maxlength=\"2000\" class=\"wpcf7-form-control wpcf7-textarea\" aria-invalid=\"false\" placeholder=\"Mensagem...\" name=\"textarea-826\"><\/textarea><\/span>\n      <\/div>\n   <\/div>\n   <div class=\"tp-contact-btn-2 lineheight-1\">\n      <button type=\"submit\" class=\"tp-btn tp-btn-green lineheight-1\">Enviar<\/button>\n   <\/div>\n<\/div><div class=\"wpcf7-response-output\" aria-hidden=\"true\"><\/div>\n<\/form>\n<\/div>\n<\/div>\n\t\t\t\t\t\t<\/div>\n\t\t\t\t<\/div>\n\t\t\t\t\t<\/div>\n\t\t\t\t<\/div>\n\t\t<div class=\"elementor-element elementor-element-d6a9161 e-con-full e-flex e-con e-parent\" data-id=\"d6a9161\" data-element_type=\"container\" data-e-type=\"container\" data-settings=\"{&quot;storebuild_scrolling_effects&quot;:&quot;no&quot;,&quot;storebuild_mouse_effects&quot;:&quot;no&quot;}\">\n\t\t\t\t<div class=\"elementor-element elementor-element-bb18c09 elementor-widget elementor-widget-google_maps\" data-id=\"bb18c09\" data-element_type=\"widget\" data-e-type=\"widget\" data-widget_type=\"google_maps.default\">\n\t\t\t\t\t\t\t<div class=\"elementor-custom-embed\">\n\t\t\t<iframe loading=\"lazy\"\n\t\t\t\t\tsrc=\"https:\/\/maps.google.com\/maps?q=S%C3%A3o%20Geraldo%20-%20MG&#038;t=m&#038;z=10&#038;output=embed&#038;iwloc=near\"\n\t\t\t\t\ttitle=\"S\u00e3o Geraldo - MG\"\n\t\t\t\t\taria-label=\"S\u00e3o Geraldo - MG\"\n\t\t\t><\/iframe>\n\t\t<\/div>\n\t\t\t\t\t\t<\/div>\n\t\t\t\t<\/div>\n\t\t\t\t<\/div>\n\t\t","protected":false},"excerpt":{"rendered":"<p>Localiza\u00e7\u00e3o S\u00e3o Geraldo &#8211; MG E-mail contato@sagacreditos.com.br Contato (00) 00000 &#8211; 0000 Fale Conosco<\/p>\n","protected":false},"author":1,"featured_media":0,"parent":0,"menu_order":0,"comment_status":"closed","ping_status":"closed","template":"elementor_header_footer","meta":{"footnotes":""},"class_list":["post-5416","page","type-page","status-publish","hentry"],"_links":{"self":[{"href":"https:\/\/developers.inhubdigital.com.br\/sagacred\/wp-json\/wp\/v2\/pages\/5416","targetHints":{"allow":["GET"]}}],"collection":[{"href":"https:\/\/developers.inhubdigital.com.br\/sagacred\/wp-json\/wp\/v2\/pages"}],"about":[{"href":"https:\/\/developers.inhubdigital.com.br\/sagacred\/wp-json\/wp\/v2\/types\/page"}],"author":[{"embeddable":true,"href":"https:\/\/developers.inhubdigital.com.br\/sagacred\/wp-json\/wp\/v2\/users\/1"}],"replies":[{"embeddable":true,"href":"https:\/\/developers.inhubdigital.com.br\/sagacred\/wp-json\/wp\/v2\/comments?post=5416"}],"version-history":[{"count":4,"href":"https:\/\/developers.inhubdigital.com.br\/sagacred\/wp-json\/wp\/v2\/pages\/5416\/revisions"}],"predecessor-version":[{"id":6215,"href":"https:\/\/developers.inhubdigital.com.br\/sagacred\/wp-json\/wp\/v2\/pages\/5416\/revisions\/6215"}],"wp:attachment":[{"href":"https:\/\/developers.inhubdigital.com.br\/sagacred\/wp-json\/wp\/v2\/media?parent=5416"}],"curies":[{"name":"wp","href":"https:\/\/api.w.org\/{rel}","templated":true}]}}